{"id":1011300,"date":"2026-02-17T13:42:34","date_gmt":"2026-02-17T12:42:34","guid":{"rendered":"https:\/\/new.obsnev.es\/?page_id=1011300"},"modified":"2026-02-17T13:44:17","modified_gmt":"2026-02-17T12:44:17","slug":"participacion","status":"publish","type":"page","link":"https:\/\/obsnev.es\/en\/participacion\/","title":{"rendered":"Participation"},"content":{"rendered":"<div data-elementor-type=\"wp-page\" data-elementor-id=\"1011300\" class=\"elementor elementor-1011300\" data-elementor-post-type=\"page\">\n\t\t\t\t<div class=\"elementor-element elementor-element-32626bb e-flex e-con-boxed e-con e-parent\" data-id=\"32626bb\" data-element_type=\"container\" data-e-type=\"container\">\n\t\t\t\t\t<div class=\"e-con-inner\">\n\t\t\t\t<div class=\"elementor-element elementor-element-98dad75 elementor-widget elementor-widget-spacer\" data-id=\"98dad75\" data-element_type=\"widget\" data-e-type=\"widget\" data-widget_type=\"spacer.default\">\n\t\t\t\t<div class=\"elementor-widget-container\">\n\t\t\t\t\t\t\t<div class=\"elementor-spacer\">\n\t\t\t<div class=\"elementor-spacer-inner\"><\/div>\n\t\t<\/div>\n\t\t\t\t\t\t<\/div>\n\t\t\t\t<\/div>\n\t\t<div class=\"elementor-element elementor-element-3e5ab45 e-con-full e-flex e-con e-child\" data-id=\"3e5ab45\" data-element_type=\"container\" data-e-type=\"container\">\n\t\t\t\t<div class=\"elementor-element elementor-element-bcdc786 elementor-widget elementor-widget-image\" data-id=\"bcdc786\" data-element_type=\"widget\" data-e-type=\"widget\" data-widget_type=\"image.default\">\n\t\t\t\t<div class=\"elementor-widget-container\">\n\t\t\t\t\t\t\t\t\t\t\t\t\t\t\t<img fetchpriority=\"high\" decoding=\"async\" width=\"768\" height=\"737\" src=\"https:\/\/obsnev.es\/wp-content\/uploads\/2019\/12\/Lagunas-Obsnev-Vertical.png\" class=\"attachment-large size-large wp-image-1008465\" alt=\"\" srcset=\"https:\/\/obsnev.es\/wp-content\/uploads\/2019\/12\/Lagunas-Obsnev-Vertical.png 768w, https:\/\/obsnev.es\/wp-content\/uploads\/2019\/12\/Lagunas-Obsnev-Vertical-300x288.png 300w, https:\/\/obsnev.es\/wp-content\/uploads\/2019\/12\/Lagunas-Obsnev-Vertical-13x12.png 13w\" sizes=\"(max-width: 768px) 100vw, 768px\" \/>\t\t\t\t\t\t\t\t\t\t\t\t\t\t\t<\/div>\n\t\t\t\t<\/div>\n\t\t\t\t<div class=\"elementor-element elementor-element-afac088 elementor-widget elementor-widget-text-editor\" data-id=\"afac088\" data-element_type=\"widget\" data-e-type=\"widget\" data-widget_type=\"text-editor.default\">\n\t\t\t\t<div class=\"elementor-widget-container\">\n\t\t\t\t\t\t\t\t\t<p>There are more than 70 glacial oases in Sierra Nevada , product of the melting of the mountain snow, which offer us incredible images as well as a unique opportunity to study the effects of climate change in an environment as unique as the high mountain lakes.<\/p><p><a href=\"https:\/\/lagunasdesierranevada.es\/\" target=\"_blank\" rel=\"noopener\">Lagunas de Sierra Nevada<\/a>\u00a0was born as a Citizen Science campaign, from which the general public is invited to become directly involved in the research being carried out in the high mountains of Sierra Nevada, through the contribution of historical and current photographs of the lagoons, so that they can help understand how these sentinels of global change respond to increasing environmental pressure and degradation.<\/p><p>Through the platform you will be able to:<\/p><ul><li>Contribute photographs in three easy steps: Take your photo,\u00a0<a href=\"https:\/\/lagunasdesierranevada.es\/wp-login.php?action=register\" target=\"_blank\" rel=\"noopener\">register<\/a>\u00a0in the website and\u00a0<a href=\"https:\/\/lagunasdesierranevada.es\/participa\/envia-tu-foto\/\" target=\"_blank\" rel=\"noopener\">upload your photo<\/a>\u00a0through a simple form. In addition, every year the best photographs will be rewarded with prizes such as fortaits for skiing in Sierra Nevada, hotel nights, annual passes to the Science Park in Granada...<\/li><li>View the historical record of contributions from other citizens<\/li><li>Know the projects that are in progress<\/li><li>Participate in the activities, courses, and tours organized to promote the conservation of the lagoons.<\/li><\/ul>\t\t\t\t\t\t\t\t<\/div>\n\t\t\t\t<\/div>\n\t\t\t\t<\/div>\n\t\t\t\t<div class=\"elementor-element elementor-element-c2a166c elementor-widget elementor-widget-spacer\" data-id=\"c2a166c\" data-element_type=\"widget\" data-e-type=\"widget\" data-widget_type=\"spacer.default\">\n\t\t\t\t<div class=\"elementor-widget-container\">\n\t\t\t\t\t\t\t<div class=\"elementor-spacer\">\n\t\t\t<div class=\"elementor-spacer-inner\"><\/div>\n\t\t<\/div>\n\t\t\t\t\t\t<\/div>\n\t\t\t\t<\/div>\n\t\t\t\t\t<\/div>\n\t\t\t\t<\/div>\n\t\t\t\t<\/div>","protected":false},"excerpt":{"rendered":"<p>En Sierra Nevada existen mas de 70 oasis glaciares, producto del deshielo de la nieve de la monta\u00f1a, que nos ofrecen unas im\u00e1genes incre\u00edbles a la vez que una oportunidad \u00fanica para estudiar los efectos del cambio clim\u00e1tico en un entorno tan singular como son las lagunas de alta monta\u00f1a. Lagunas de Sierra Nevada\u00a0nace como [&hellip;]<\/p>\n","protected":false},"author":1,"featured_media":0,"parent":0,"menu_order":0,"comment_status":"closed","ping_status":"closed","template":"","meta":{"_acf_changed":false,"footnotes":""},"class_list":["post-1011300","page","type-page","status-publish","hentry"],"acf":[],"aioseo_notices":[],"_links":{"self":[{"href":"https:\/\/obsnev.es\/en\/wp-json\/wp\/v2\/pages\/1011300","targetHints":{"allow":["GET"]}}],"collection":[{"href":"https:\/\/obsnev.es\/en\/wp-json\/wp\/v2\/pages"}],"about":[{"href":"https:\/\/obsnev.es\/en\/wp-json\/wp\/v2\/types\/page"}],"author":[{"embeddable":true,"href":"https:\/\/obsnev.es\/en\/wp-json\/wp\/v2\/users\/1"}],"replies":[{"embeddable":true,"href":"https:\/\/obsnev.es\/en\/wp-json\/wp\/v2\/comments?post=1011300"}],"version-history":[{"count":4,"href":"https:\/\/obsnev.es\/en\/wp-json\/wp\/v2\/pages\/1011300\/revisions"}],"predecessor-version":[{"id":1011304,"href":"https:\/\/obsnev.es\/en\/wp-json\/wp\/v2\/pages\/1011300\/revisions\/1011304"}],"wp:attachment":[{"href":"https:\/\/obsnev.es\/en\/wp-json\/wp\/v2\/media?parent=1011300"}],"curies":[{"name":"wp","href":"https:\/\/api.w.org\/{rel}","templated":true}]}}