{"id":1011306,"date":"2026-02-17T13:45:08","date_gmt":"2026-02-17T12:45:08","guid":{"rendered":"https:\/\/new.obsnev.es\/?page_id=1011306"},"modified":"2026-02-17T13:45:58","modified_gmt":"2026-02-17T12:45:58","slug":"informacion","status":"publish","type":"page","link":"https:\/\/obsnev.es\/en\/informacion\/","title":{"rendered":"Information"},"content":{"rendered":"<div data-elementor-type=\"wp-page\" data-elementor-id=\"1011306\" class=\"elementor elementor-1011306\" data-elementor-post-type=\"page\">\n\t\t\t\t<div class=\"elementor-element elementor-element-9279902 e-flex e-con-boxed e-con e-parent\" data-id=\"9279902\" data-element_type=\"container\" data-e-type=\"container\">\n\t\t\t\t\t<div class=\"e-con-inner\">\n\t\t\t\t<div class=\"elementor-element elementor-element-8db1f4d elementor-widget elementor-widget-spacer\" data-id=\"8db1f4d\" data-element_type=\"widget\" data-e-type=\"widget\" data-widget_type=\"spacer.default\">\n\t\t\t\t<div class=\"elementor-widget-container\">\n\t\t\t\t\t\t\t<div class=\"elementor-spacer\">\n\t\t\t<div class=\"elementor-spacer-inner\"><\/div>\n\t\t<\/div>\n\t\t\t\t\t\t<\/div>\n\t\t\t\t<\/div>\n\t\t\t\t<div class=\"elementor-element elementor-element-7d647f0 elementor-widget elementor-widget-text-editor\" data-id=\"7d647f0\" data-element_type=\"widget\" data-e-type=\"widget\" data-widget_type=\"text-editor.default\">\n\t\t\t\t<div class=\"elementor-widget-container\">\n\t\t\t\t\t\t\t\t\t<p>Sierra Nevada is the most important center of plant diversity in the western Mediterranean and one of the most outstanding in Europe , where the presence of 2353 species of vascular plants has been registered so far, an exceptional figure in our area. Along with this floristic richness, some 20,000 species of invertebrates and 290 species of vertebrates (43 mammals, 123 birds, 20 reptiles, 7 amphibians and 6 fish) have been found in Sierra Nevada so far.<\/p><p>Sierra Nevada is a place that has ideal conditions to analyze the effects of global change on ecosystems: a considerable altitudinal gradient, from 3478 meters in the Mulhac\u00e9n, the roof of the Iberian Peninsula, to 350 meters in the extreme east, its proximity to the Mediterranean Sea, its geographical position at the southern tip of the European continent and of course the complex and extensive natural and cultural history of this mountain. The study of the effects of global change requires a multidisciplinary vision and the development of research and monitoring protocols, which will allow us to have a system of pressure, status and response indicators to diagnose the health of Sierra Nevada ecosystems and their ability to provide services.<\/p>\t\t\t\t\t\t\t\t<\/div>\n\t\t\t\t<\/div>\n\t\t\t\t<div class=\"elementor-element elementor-element-8fdbb20 elementor-widget elementor-widget-image\" data-id=\"8fdbb20\" data-element_type=\"widget\" data-e-type=\"widget\" data-widget_type=\"image.default\">\n\t\t\t\t<div class=\"elementor-widget-container\">\n\t\t\t\t\t\t\t\t\t\t\t\t\t\t\t<img fetchpriority=\"high\" decoding=\"async\" width=\"800\" height=\"536\" src=\"https:\/\/obsnev.es\/wp-content\/uploads\/2019\/07\/Banner_Veleta_Nevado-1024x686.jpg\" class=\"attachment-large size-large wp-image-1010985\" alt=\"\" srcset=\"https:\/\/obsnev.es\/wp-content\/uploads\/2019\/07\/Banner_Veleta_Nevado-1024x686.jpg 1024w, https:\/\/obsnev.es\/wp-content\/uploads\/2019\/07\/Banner_Veleta_Nevado-300x201.jpg 300w, https:\/\/obsnev.es\/wp-content\/uploads\/2019\/07\/Banner_Veleta_Nevado-768x514.jpg 768w, https:\/\/obsnev.es\/wp-content\/uploads\/2019\/07\/Banner_Veleta_Nevado-1536x1028.jpg 1536w, https:\/\/obsnev.es\/wp-content\/uploads\/2019\/07\/Banner_Veleta_Nevado-18x12.jpg 18w, https:\/\/obsnev.es\/wp-content\/uploads\/2019\/07\/Banner_Veleta_Nevado.jpg 2048w\" sizes=\"(max-width: 800px) 100vw, 800px\" \/>\t\t\t\t\t\t\t\t\t\t\t\t\t\t\t<\/div>\n\t\t\t\t<\/div>\n\t\t\t\t<div class=\"elementor-element elementor-element-60c3d73 elementor-widget elementor-widget-spacer\" data-id=\"60c3d73\" data-element_type=\"widget\" data-e-type=\"widget\" data-widget_type=\"spacer.default\">\n\t\t\t\t<div class=\"elementor-widget-container\">\n\t\t\t\t\t\t\t<div class=\"elementor-spacer\">\n\t\t\t<div class=\"elementor-spacer-inner\"><\/div>\n\t\t<\/div>\n\t\t\t\t\t\t<\/div>\n\t\t\t\t<\/div>\n\t\t\t\t\t<\/div>\n\t\t\t\t<\/div>\n\t\t\t\t<\/div>","protected":false},"excerpt":{"rendered":"<p>Sierra Nevada es el centro de diversidad vegetal m\u00e1s importante del Mediterr\u00e1neo occidental y uno de los m\u00e1s destacados de Europa , donde hasta el momento se ha registrado la presencia de 2353 especies de plantas vasculares, una cifra excepcional en nuestro \u00e1mbito. Junto a esta riqueza flor\u00edstica, en Sierra Nevada se han encontrado hasta [&hellip;]<\/p>\n","protected":false},"author":1,"featured_media":0,"parent":0,"menu_order":0,"comment_status":"closed","ping_status":"closed","template":"","meta":{"_acf_changed":false,"footnotes":""},"class_list":["post-1011306","page","type-page","status-publish","hentry"],"acf":[],"aioseo_notices":[],"_links":{"self":[{"href":"https:\/\/obsnev.es\/en\/wp-json\/wp\/v2\/pages\/1011306","targetHints":{"allow":["GET"]}}],"collection":[{"href":"https:\/\/obsnev.es\/en\/wp-json\/wp\/v2\/pages"}],"about":[{"href":"https:\/\/obsnev.es\/en\/wp-json\/wp\/v2\/types\/page"}],"author":[{"embeddable":true,"href":"https:\/\/obsnev.es\/en\/wp-json\/wp\/v2\/users\/1"}],"replies":[{"embeddable":true,"href":"https:\/\/obsnev.es\/en\/wp-json\/wp\/v2\/comments?post=1011306"}],"version-history":[{"count":4,"href":"https:\/\/obsnev.es\/en\/wp-json\/wp\/v2\/pages\/1011306\/revisions"}],"predecessor-version":[{"id":1011310,"href":"https:\/\/obsnev.es\/en\/wp-json\/wp\/v2\/pages\/1011306\/revisions\/1011310"}],"wp:attachment":[{"href":"https:\/\/obsnev.es\/en\/wp-json\/wp\/v2\/media?parent=1011306"}],"curies":[{"name":"wp","href":"https:\/\/api.w.org\/{rel}","templated":true}]}}