{"id":1011312,"date":"2026-02-17T13:46:28","date_gmt":"2026-02-17T12:46:28","guid":{"rendered":"https:\/\/new.obsnev.es\/?page_id=1011312"},"modified":"2026-02-17T13:48:13","modified_gmt":"2026-02-17T12:48:13","slug":"ecosistemas-borreguiles","status":"publish","type":"page","link":"https:\/\/obsnev.es\/en\/ecosistemas-borreguiles\/","title":{"rendered":"Meadow ecosystems"},"content":{"rendered":"<div data-elementor-type=\"wp-page\" data-elementor-id=\"1011312\" class=\"elementor elementor-1011312\" data-elementor-post-type=\"page\">\n\t\t\t\t<div class=\"elementor-element elementor-element-f13b7be e-flex e-con-boxed e-con e-parent\" data-id=\"f13b7be\" data-element_type=\"container\" data-e-type=\"container\">\n\t\t\t\t\t<div class=\"e-con-inner\">\n\t\t\t\t<div class=\"elementor-element elementor-element-f545881 elementor-widget elementor-widget-spacer\" data-id=\"f545881\" data-element_type=\"widget\" data-e-type=\"widget\" data-widget_type=\"spacer.default\">\n\t\t\t\t<div class=\"elementor-widget-container\">\n\t\t\t\t\t\t\t<div class=\"elementor-spacer\">\n\t\t\t<div class=\"elementor-spacer-inner\"><\/div>\n\t\t<\/div>\n\t\t\t\t\t\t<\/div>\n\t\t\t\t<\/div>\n\t\t\t\t<div class=\"elementor-element elementor-element-c4d5442 elementor-widget elementor-widget-text-editor\" data-id=\"c4d5442\" data-element_type=\"widget\" data-e-type=\"widget\" data-widget_type=\"text-editor.default\">\n\t\t\t\t<div class=\"elementor-widget-container\">\n\t\t\t\t\t\t\t\t\t<p>Above 2,165 meters (7,100 ft), specific plant formations are found around watercourses. Physiognomically, these correspond to wet grasslands in summer, which remain covered by snow for much of the year.<\/p><p class=\"translation-block\">These grassland formations, known locally as <i>borreguiles<\/i>, include\u2014in a broad sense\u2014not only hygrophilous grasslands but also communities specific to streams, springs, peat bogs, and headwaters. In our territory, the definition usually encompasses all mountain meadows with similar characteristics, including drier meadows surrounding true mat-grass lands (cervunales) and those thriving in waterlogged soils (mountain peat bogs).<\/p>\t\t\t\t\t\t\t\t<\/div>\n\t\t\t\t<\/div>\n\t\t\t\t<div class=\"elementor-element elementor-element-96094ad elementor-widget elementor-widget-image\" data-id=\"96094ad\" data-element_type=\"widget\" data-e-type=\"widget\" data-widget_type=\"image.default\">\n\t\t\t\t<div class=\"elementor-widget-container\">\n\t\t\t\t\t\t\t\t\t\t\t\t\t\t\t<img fetchpriority=\"high\" decoding=\"async\" width=\"800\" height=\"600\" src=\"https:\/\/obsnev.es\/wp-content\/uploads\/2019\/10\/Ecosistemas_Borreguiles-1024x768.jpg\" class=\"attachment-large size-large wp-image-1008245\" alt=\"\" srcset=\"https:\/\/obsnev.es\/wp-content\/uploads\/2019\/10\/Ecosistemas_Borreguiles-1024x768.jpg 1024w, https:\/\/obsnev.es\/wp-content\/uploads\/2019\/10\/Ecosistemas_Borreguiles-300x225.jpg 300w, https:\/\/obsnev.es\/wp-content\/uploads\/2019\/10\/Ecosistemas_Borreguiles-768x576.jpg 768w, https:\/\/obsnev.es\/wp-content\/uploads\/2019\/10\/Ecosistemas_Borreguiles-16x12.jpg 16w, https:\/\/obsnev.es\/wp-content\/uploads\/2019\/10\/Ecosistemas_Borreguiles.jpg 1280w\" sizes=\"(max-width: 800px) 100vw, 800px\" \/>\t\t\t\t\t\t\t\t\t\t\t\t\t\t\t<\/div>\n\t\t\t\t<\/div>\n\t\t\t\t<div class=\"elementor-element elementor-element-d1c0aab elementor-widget elementor-widget-text-editor\" data-id=\"d1c0aab\" data-element_type=\"widget\" data-e-type=\"widget\" data-widget_type=\"text-editor.default\">\n\t\t\t\t<div class=\"elementor-widget-container\">\n\t\t\t\t\t\t\t\t\t<p>They are clearly distinct landscape elements. The most typical and extensive ones form in the remnants of ancient glacial structures. The flat bottoms of U-shaped valleys allow for low-gradient surfaces where water slows down or even stagnates, a phenomenon also seen near lagoons of glacial origin.<\/p><p>Beyond the fascinating and original plant communities that develop within them, borreguiles constitute an ideal biotope for species originating from cold and humid macroclimates. Species of boreal and alpine origin are frequent, along with numerous endemic species, most of which are derived from ancestors of similar northern or high-altitude provenance.<\/p><p>They hold great importance both for the landscape, providing vibrant color, and for livestock, as they are the primary source of summer pasture.<\/p><p>Different plant communities develop here, arranged according to the moisture gradient of the substrate:<\/p><ul><li class=\"translation-block\">Dry Borreguil: Located on slightly moist soils, this is a grassland with medium coverage. Common species include <i>Armeria splendens<\/i>,\u00a0<i>Agrostis nevadensis<\/i>,\u00a0<i>Potentilla nevadensis<\/i>, the Sierra Nevada plantain or \"snow star\" (<i>Plantago nivalis<\/i>), and the \"lion\u2019s pelt\" cushion plant (<i>Arenaria tetraquetra<\/i> subsp. <i>amabilis<\/i>).<\/li><li class=\"translation-block\">Dense Grassland: Found in areas with constant moisture throughout the summer. It is composed of species such as mat-grass (<i>Nardus stricta<\/i>), <i>Festuca trichophylla<\/i>\u00a0 subsp. <i>scabrescens<\/i>, <i>Leontodon microcephalus<\/i>,\u00a0<i>Luzula hispanica<\/i>,\u00a0<i>Ranunculus demissus<\/i>, and <i>Campanula herminii<\/i>.<\/li><li class=\"translation-block\">Incipient Peat Bogs: These are permanently waterlogged areas with anoxic conditions. They consist of communities rich in cyperaceous plants (sedges) such as <i>Carex intricata<\/i>,\u00a0<i>C. echinata<\/i>,\u00a0<i>C.lepidocarpa<\/i>\u00a0subsp.\u00a0<i>nevadensis<\/i>,\u00a0<i>Eleocharis quinqueflora<\/i>,\u00a0<i>Festuca frigida<\/i>,\u00a0<i>Triglochin palustris<\/i> and <i>Juncus alpinoarticulatus<\/i>.<\/li><\/ul>\t\t\t\t\t\t\t\t<\/div>\n\t\t\t\t<\/div>\n\t\t\t\t<div class=\"elementor-element elementor-element-0bbe9b4 elementor-widget elementor-widget-image\" data-id=\"0bbe9b4\" data-element_type=\"widget\" data-e-type=\"widget\" data-widget_type=\"image.default\">\n\t\t\t\t<div class=\"elementor-widget-container\">\n\t\t\t\t\t\t\t\t\t\t\t\t\t\t\t<img decoding=\"async\" width=\"800\" height=\"600\" src=\"https:\/\/obsnev.es\/wp-content\/uploads\/2019\/11\/Ecosistemas_Borreguiles_2.jpg\" class=\"attachment-large size-large wp-image-1008249\" alt=\"\" srcset=\"https:\/\/obsnev.es\/wp-content\/uploads\/2019\/11\/Ecosistemas_Borreguiles_2.jpg 1024w, https:\/\/obsnev.es\/wp-content\/uploads\/2019\/11\/Ecosistemas_Borreguiles_2-300x225.jpg 300w, https:\/\/obsnev.es\/wp-content\/uploads\/2019\/11\/Ecosistemas_Borreguiles_2-768x576.jpg 768w, https:\/\/obsnev.es\/wp-content\/uploads\/2019\/11\/Ecosistemas_Borreguiles_2-16x12.jpg 16w\" sizes=\"(max-width: 800px) 100vw, 800px\" \/>\t\t\t\t\t\t\t\t\t\t\t\t\t\t\t<\/div>\n\t\t\t\t<\/div>\n\t\t\t\t<div class=\"elementor-element elementor-element-d47c6c3 elementor-widget elementor-widget-text-editor\" data-id=\"d47c6c3\" data-element_type=\"widget\" data-e-type=\"widget\" data-widget_type=\"text-editor.default\">\n\t\t\t\t<div class=\"elementor-widget-container\">\n\t\t\t\t\t\t\t\t\t<p>In areas with springs and headwaters, moss communities (Philonotis seriata, Polytrichum juniperinum, Brachythecium rivulare, etc.) stand out, forming striking light-green cushions. Among them, species like Saxifraga stellaris subsp. alpigena, Veronica turbicola, and Festuca rivularis appear.<\/p><p>In wet areas with deeper substrates and some degree of nitrification caused by livestock, megaforb (large-leaved herb) communities proliferate. These include interesting species such as the poisonous monkshoods or wolfsbanes (Aconitum burnatii and A. vulparia subsp. neapolitanum).<\/p>\t\t\t\t\t\t\t\t<\/div>\n\t\t\t\t<\/div>\n\t\t\t\t<div class=\"elementor-element elementor-element-c45e27e elementor-widget elementor-widget-spacer\" data-id=\"c45e27e\" data-element_type=\"widget\" data-e-type=\"widget\" data-widget_type=\"spacer.default\">\n\t\t\t\t<div class=\"elementor-widget-container\">\n\t\t\t\t\t\t\t<div class=\"elementor-spacer\">\n\t\t\t<div class=\"elementor-spacer-inner\"><\/div>\n\t\t<\/div>\n\t\t\t\t\t\t<\/div>\n\t\t\t\t<\/div>\n\t\t\t\t\t<\/div>\n\t\t\t\t<\/div>\n\t\t\t\t<\/div>","protected":false},"excerpt":{"rendered":"<p>A partir de 2000 m de altitud se localizan alrededor de las corrientes de agua unas formaciones vegetales que corresponden fision\u00f3micamente a un pastizal h\u00famedo en verano y cubierto por la nieve durante gran parte del a\u00f1o. Estas formaciones de pastizales, que localmente reciben el nombre de\u00a0borreguiles,\u00a0consider\u00e1ndolas en un sentido amplio, incluyen no solo los [&hellip;]<\/p>\n","protected":false},"author":1,"featured_media":0,"parent":0,"menu_order":0,"comment_status":"closed","ping_status":"closed","template":"","meta":{"_acf_changed":false,"footnotes":""},"class_list":["post-1011312","page","type-page","status-publish","hentry"],"acf":[],"aioseo_notices":[],"_links":{"self":[{"href":"https:\/\/obsnev.es\/en\/wp-json\/wp\/v2\/pages\/1011312","targetHints":{"allow":["GET"]}}],"collection":[{"href":"https:\/\/obsnev.es\/en\/wp-json\/wp\/v2\/pages"}],"about":[{"href":"https:\/\/obsnev.es\/en\/wp-json\/wp\/v2\/types\/page"}],"author":[{"embeddable":true,"href":"https:\/\/obsnev.es\/en\/wp-json\/wp\/v2\/users\/1"}],"replies":[{"embeddable":true,"href":"https:\/\/obsnev.es\/en\/wp-json\/wp\/v2\/comments?post=1011312"}],"version-history":[{"count":4,"href":"https:\/\/obsnev.es\/en\/wp-json\/wp\/v2\/pages\/1011312\/revisions"}],"predecessor-version":[{"id":1011316,"href":"https:\/\/obsnev.es\/en\/wp-json\/wp\/v2\/pages\/1011312\/revisions\/1011316"}],"wp:attachment":[{"href":"https:\/\/obsnev.es\/en\/wp-json\/wp\/v2\/media?parent=1011312"}],"curies":[{"name":"wp","href":"https:\/\/api.w.org\/{rel}","templated":true}]}}