{"id":1011383,"date":"2026-02-19T11:07:53","date_gmt":"2026-02-19T10:07:53","guid":{"rendered":"https:\/\/new.obsnev.es\/?page_id=1011383"},"modified":"2026-02-19T11:10:24","modified_gmt":"2026-02-19T10:10:24","slug":"mapa-catastral-de-canar-1920","status":"publish","type":"page","link":"https:\/\/obsnev.es\/en\/mapa-catastral-de-canar-1920\/","title":{"rendered":"Cadastral map of C\u00e1\u00f1ar (1920)"},"content":{"rendered":"<div data-elementor-type=\"wp-page\" data-elementor-id=\"1011383\" class=\"elementor elementor-1011383\" data-elementor-post-type=\"page\">\n\t\t\t\t<div class=\"elementor-element elementor-element-becff23 e-flex e-con-boxed e-con e-parent\" data-id=\"becff23\" data-element_type=\"container\" data-e-type=\"container\">\n\t\t\t\t\t<div class=\"e-con-inner\">\n\t\t\t\t<div class=\"elementor-element elementor-element-806e6b6 elementor-widget elementor-widget-spacer\" data-id=\"806e6b6\" data-element_type=\"widget\" data-e-type=\"widget\" data-widget_type=\"spacer.default\">\n\t\t\t\t<div class=\"elementor-widget-container\">\n\t\t\t\t\t\t\t<div class=\"elementor-spacer\">\n\t\t\t<div class=\"elementor-spacer-inner\"><\/div>\n\t\t<\/div>\n\t\t\t\t\t\t<\/div>\n\t\t\t\t<\/div>\n\t\t\t\t<div class=\"elementor-element elementor-element-d0dbc22 elementor-widget elementor-widget-text-editor\" data-id=\"d0dbc22\" data-element_type=\"widget\" data-e-type=\"widget\" data-widget_type=\"text-editor.default\">\n\t\t\t\t<div class=\"elementor-widget-container\">\n\t\t\t\t\t\t\t\t\t<div id=\"panel-gb1009466-6996d37b6dd1d-0-0-0\" class=\"so-panel widget widget_sow-editor panel-first-child\" data-index=\"0\"><div class=\"so-widget-sow-editor so-widget-sow-editor-base\"><div class=\"siteorigin-widget-tinymce textwidget\"><p>By Royal Decree of October 9, 1902, the Cadastre Board (Junta de Catastro) was created, better known as the Echegaray Board. This Board drafted the Law of March 23, 1906, which stipulated that the Cadastre would be carried out in two phases: an initial Cadastral Advance (Avance Catastral), followed by a second phase for the preparation of the Parcel Cadastre (Catastro Parcelario).<\/p><p>The Cadastral Advance consisted of two stages:<\/p><ul><li>Planimetric: This involved the creation of a map (freehand sketch) for each municipal district at a scale of 1:25,000, identifying cadastral polygons and plots within its perimeter.<\/li><li>Agronomic: This included a literal description of the plots, identification of crop masses, and determination of the taxable net products for different types of land.<\/li><\/ul><p>The graphic component corresponds to a non-topographic survey in which the technician created a sketch of each cadastral polygon and, within them, drew and numbered the cadastral plots. The following image shows Polygon No. 3 of C\u00e1\u00f1ar (Granada).<\/p><\/div><\/div><\/div>\t\t\t\t\t\t\t\t<\/div>\n\t\t\t\t<\/div>\n\t\t\t\t<div class=\"elementor-element elementor-element-9b83ab6 elementor-widget elementor-widget-image\" data-id=\"9b83ab6\" data-element_type=\"widget\" data-e-type=\"widget\" data-widget_type=\"image.default\">\n\t\t\t\t<div class=\"elementor-widget-container\">\n\t\t\t\t\t\t\t\t\t\t\t\t<figure class=\"wp-caption\">\n\t\t\t\t\t\t\t\t\t\t<img fetchpriority=\"high\" decoding=\"async\" width=\"800\" height=\"600\" src=\"https:\/\/obsnev.es\/wp-content\/uploads\/2020\/04\/Catastro_Canar_1920_CroquisParcelas.png\" class=\"attachment-large size-large wp-image-1009433\" alt=\"\" srcset=\"https:\/\/obsnev.es\/wp-content\/uploads\/2020\/04\/Catastro_Canar_1920_CroquisParcelas.png 992w, https:\/\/obsnev.es\/wp-content\/uploads\/2020\/04\/Catastro_Canar_1920_CroquisParcelas-300x225.png 300w, https:\/\/obsnev.es\/wp-content\/uploads\/2020\/04\/Catastro_Canar_1920_CroquisParcelas-768x576.png 768w, https:\/\/obsnev.es\/wp-content\/uploads\/2020\/04\/Catastro_Canar_1920_CroquisParcelas-16x12.png 16w\" sizes=\"(max-width: 800px) 100vw, 800px\" \/>\t\t\t\t\t\t\t\t\t\t\t<figcaption class=\"widget-image-caption wp-caption-text\">Polygon No. 3 with its constituent plots. Municipal district of C\u00e1\u00f1ar, Granada<\/figcaption>\n\t\t\t\t\t\t\t\t\t\t<\/figure>\n\t\t\t\t\t\t\t\t\t<\/div>\n\t\t\t\t<\/div>\n\t\t\t\t<div class=\"elementor-element elementor-element-81f1882 elementor-widget elementor-widget-text-editor\" data-id=\"81f1882\" data-element_type=\"widget\" data-e-type=\"widget\" data-widget_type=\"text-editor.default\">\n\t\t\t\t<div class=\"elementor-widget-container\">\n\t\t\t\t\t\t\t\t\t<div id=\"panel-gb1009466-6996d37b6dd1d-0-0-0\" class=\"so-panel widget widget_sow-editor panel-first-child\" data-index=\"0\"><div class=\"so-widget-sow-editor so-widget-sow-editor-base\"><div class=\"siteorigin-widget-tinymce textwidget\"><div id=\"panel-gb1009466-6996d37b6dd1d-0-0-1\" class=\"so-panel widget widget_sow-editor\" data-index=\"1\"><div class=\"so-widget-sow-editor so-widget-sow-editor-base\"><div class=\"siteorigin-widget-tinymce textwidget\"><h3 class=\"widget-title\">Methodology<\/h3><div class=\"siteorigin-widget-tinymce textwidget\"><p>For the municipality of C\u00e1\u00f1ar, data was collected from nearly 1,000 Cadastral Sheets corresponding to three polygons, totaling 967 plots. This information was entered into a database recording all land uses present in each plot, the surface area occupied, and the percentage of the plot's total area represented by each use. Additionally, the trees present in each plot were counted.<\/p><\/div><\/div><\/div><\/div><\/div><\/div><\/div>\t\t\t\t\t\t\t\t<\/div>\n\t\t\t\t<\/div>\n\t\t<div class=\"elementor-element elementor-element-07b29b2 e-grid e-con-full e-con e-child\" data-id=\"07b29b2\" data-element_type=\"container\" data-e-type=\"container\">\n\t\t\t\t<div class=\"elementor-element elementor-element-d9b4260 elementor-widget elementor-widget-image\" data-id=\"d9b4260\" data-element_type=\"widget\" data-e-type=\"widget\" data-widget_type=\"image.default\">\n\t\t\t\t<div class=\"elementor-widget-container\">\n\t\t\t\t\t\t\t\t\t\t\t\t<figure class=\"wp-caption\">\n\t\t\t\t\t\t\t\t\t\t<img decoding=\"async\" width=\"800\" height=\"546\" src=\"https:\/\/obsnev.es\/wp-content\/uploads\/2020\/04\/Catastro_Canar_1920_AvanceCatastral_Anverso.png\" class=\"attachment-large size-large wp-image-1009431\" alt=\"\" srcset=\"https:\/\/obsnev.es\/wp-content\/uploads\/2020\/04\/Catastro_Canar_1920_AvanceCatastral_Anverso.png 992w, https:\/\/obsnev.es\/wp-content\/uploads\/2020\/04\/Catastro_Canar_1920_AvanceCatastral_Anverso-300x205.png 300w, https:\/\/obsnev.es\/wp-content\/uploads\/2020\/04\/Catastro_Canar_1920_AvanceCatastral_Anverso-768x524.png 768w, https:\/\/obsnev.es\/wp-content\/uploads\/2020\/04\/Catastro_Canar_1920_AvanceCatastral_Anverso-18x12.png 18w\" sizes=\"(max-width: 800px) 100vw, 800px\" \/>\t\t\t\t\t\t\t\t\t\t\t<figcaption class=\"widget-image-caption wp-caption-text\">Example of a Cadastral Advance Sheet. Obverse<\/figcaption>\n\t\t\t\t\t\t\t\t\t\t<\/figure>\n\t\t\t\t\t\t\t\t\t<\/div>\n\t\t\t\t<\/div>\n\t\t\t\t<div class=\"elementor-element elementor-element-4c6c6e9 elementor-widget elementor-widget-image\" data-id=\"4c6c6e9\" data-element_type=\"widget\" data-e-type=\"widget\" data-widget_type=\"image.default\">\n\t\t\t\t<div class=\"elementor-widget-container\">\n\t\t\t\t\t\t\t\t\t\t\t\t<figure class=\"wp-caption\">\n\t\t\t\t\t\t\t\t\t\t<img decoding=\"async\" width=\"800\" height=\"468\" src=\"https:\/\/obsnev.es\/wp-content\/uploads\/2020\/04\/Catastro_Canar_1920_AvanceCatastral_Reverso.png\" class=\"attachment-large size-large wp-image-1009432\" alt=\"\" srcset=\"https:\/\/obsnev.es\/wp-content\/uploads\/2020\/04\/Catastro_Canar_1920_AvanceCatastral_Reverso.png 992w, https:\/\/obsnev.es\/wp-content\/uploads\/2020\/04\/Catastro_Canar_1920_AvanceCatastral_Reverso-300x175.png 300w, https:\/\/obsnev.es\/wp-content\/uploads\/2020\/04\/Catastro_Canar_1920_AvanceCatastral_Reverso-768x449.png 768w, https:\/\/obsnev.es\/wp-content\/uploads\/2020\/04\/Catastro_Canar_1920_AvanceCatastral_Reverso-18x12.png 18w\" sizes=\"(max-width: 800px) 100vw, 800px\" \/>\t\t\t\t\t\t\t\t\t\t\t<figcaption class=\"widget-image-caption wp-caption-text\">Example of a Cadastral Advance Sheet. Reverse<\/figcaption>\n\t\t\t\t\t\t\t\t\t\t<\/figure>\n\t\t\t\t\t\t\t\t\t<\/div>\n\t\t\t\t<\/div>\n\t\t\t\t<\/div>\n\t\t\t\t<div class=\"elementor-element elementor-element-a65f740 elementor-widget elementor-widget-text-editor\" data-id=\"a65f740\" data-element_type=\"widget\" data-e-type=\"widget\" data-widget_type=\"text-editor.default\">\n\t\t\t\t<div class=\"elementor-widget-container\">\n\t\t\t\t\t\t\t\t\t<div id=\"panel-gb1009466-6996d37b6dd1d-0-0-0\" class=\"so-panel widget widget_sow-editor panel-first-child\" data-index=\"0\"><div class=\"so-widget-sow-editor so-widget-sow-editor-base\"><div class=\"siteorigin-widget-tinymce textwidget\"><div id=\"panel-gb1009466-6996d37b6dd1d-0-0-1\" class=\"so-panel widget widget_sow-editor\" data-index=\"1\"><div class=\"so-widget-sow-editor so-widget-sow-editor-base\"><div class=\"siteorigin-widget-tinymce textwidget\"><p>Subsequently, the graphic information was digitized, adjusted, and georeferenced. This process was complex because the boundaries and surface areas of the various entities did not align with actual cartography, as they were based on freehand sketches. To correct this, topographic maps dating from 1933 found in the Andalusian Cartographic Institute were used as a reference.<\/p><p>The results of this work can be consulted in the following map. Click on the different cadastral plots to view the associated information.<\/p><\/div><\/div><\/div><\/div><\/div><\/div>\t\t\t\t\t\t\t\t<\/div>\n\t\t\t\t<\/div>\n\t\t<div class=\"elementor-element elementor-element-dedb9e3 e-con-full e-flex e-con e-child\" data-id=\"dedb9e3\" data-element_type=\"container\" data-e-type=\"container\">\n\t\t\t\t<div class=\"elementor-element elementor-element-8211716 elementor-widget elementor-widget-html\" data-id=\"8211716\" data-element_type=\"widget\" data-e-type=\"widget\" data-widget_type=\"html.default\">\n\t\t\t\t<div class=\"elementor-widget-container\">\n\t\t\t\t\t<iframe height=\"600\" src=\"\/leaflet2\/canar_1920\/\"><\/iframe>\t\t\t\t<\/div>\n\t\t\t\t<\/div>\n\t\t\t\t<\/div>\n\t\t\t\t<div class=\"elementor-element elementor-element-ec8d95a elementor-widget elementor-widget-spacer\" data-id=\"ec8d95a\" data-element_type=\"widget\" data-e-type=\"widget\" data-widget_type=\"spacer.default\">\n\t\t\t\t<div class=\"elementor-widget-container\">\n\t\t\t\t\t\t\t<div class=\"elementor-spacer\">\n\t\t\t<div class=\"elementor-spacer-inner\"><\/div>\n\t\t<\/div>\n\t\t\t\t\t\t<\/div>\n\t\t\t\t<\/div>\n\t\t\t\t\t<\/div>\n\t\t\t\t<\/div>\n\t\t\t\t<\/div>","protected":false},"excerpt":{"rendered":"<p>Por Real Decreto de 9 de octubre de 1902 se crea la Junta de Catastro, que ser\u00eda m\u00e1s conocida como Junta Echegaray. Esta Junta redact\u00f3 la Ley de 23 de marzo 1906 que estipulaba que Catastro se har\u00eda en dos fases, en una primera el Avance Catastral continuando en una segunda fase con la confecci\u00f3n [&hellip;]<\/p>\n","protected":false},"author":1,"featured_media":0,"parent":0,"menu_order":0,"comment_status":"closed","ping_status":"closed","template":"","meta":{"_acf_changed":false,"footnotes":""},"class_list":["post-1011383","page","type-page","status-publish","hentry"],"acf":[],"aioseo_notices":[],"_links":{"self":[{"href":"https:\/\/obsnev.es\/en\/wp-json\/wp\/v2\/pages\/1011383","targetHints":{"allow":["GET"]}}],"collection":[{"href":"https:\/\/obsnev.es\/en\/wp-json\/wp\/v2\/pages"}],"about":[{"href":"https:\/\/obsnev.es\/en\/wp-json\/wp\/v2\/types\/page"}],"author":[{"embeddable":true,"href":"https:\/\/obsnev.es\/en\/wp-json\/wp\/v2\/users\/1"}],"replies":[{"embeddable":true,"href":"https:\/\/obsnev.es\/en\/wp-json\/wp\/v2\/comments?post=1011383"}],"version-history":[{"count":7,"href":"https:\/\/obsnev.es\/en\/wp-json\/wp\/v2\/pages\/1011383\/revisions"}],"predecessor-version":[{"id":1011390,"href":"https:\/\/obsnev.es\/en\/wp-json\/wp\/v2\/pages\/1011383\/revisions\/1011390"}],"wp:attachment":[{"href":"https:\/\/obsnev.es\/en\/wp-json\/wp\/v2\/media?parent=1011383"}],"curies":[{"name":"wp","href":"https:\/\/api.w.org\/{rel}","templated":true}]}}